{"id":4808,"date":"2022-05-09T13:35:44","date_gmt":"2022-05-09T11:35:44","guid":{"rendered":"https:\/\/vignette-france.com\/?page_id=4808"},"modified":"2022-06-25T11:44:05","modified_gmt":"2022-06-25T09:44:05","slug":"accueil-norsk","status":"publish","type":"page","link":"https:\/\/vignette-france.com\/nb\/","title":{"rendered":"Accueil norsk"},"content":{"rendered":"<div data-elementor-type=\"wp-page\" data-elementor-id=\"4808\" class=\"elementor elementor-4808\">\n\t\t\t\t\t\t\t\t\t<section class=\"elementor-section elementor-top-section elementor-element elementor-element-20630d1a elementor-section-boxed elementor-section-height-default elementor-section-height-default\" data-id=\"20630d1a\" data-element_type=\"section\">\n\t\t\t\t\t\t<div class=\"elementor-container elementor-column-gap-wider\">\n\t\t\t\t\t<div class=\"elementor-column elementor-col-100 elementor-top-column elementor-element elementor-element-62c6d79a\" data-id=\"62c6d79a\" data-element_type=\"column\">\n\t\t\t<div class=\"elementor-widget-wrap elementor-element-populated\">\n\t\t\t\t\t\t\t\t<div class=\"elementor-element elementor-element-32afe780 de_scroll_animation_no elementor-widget elementor-widget-heading\" data-id=\"32afe780\" data-element_type=\"widget\" data-widget_type=\"heading.default\">\n\t\t\t\t<div class=\"elementor-widget-container\">\n\t\t\t<div class=\"elementor-heading-title elementor-size-default\">MILJ\u00d8MERKE FRANKRIKE - CRIT AIR<\/div>\t\t<\/div>\n\t\t\t\t<\/div>\n\t\t\t\t<div class=\"elementor-element elementor-element-2c45677c de_scroll_animation_no elementor-widget elementor-widget-heading\" data-id=\"2c45677c\" data-element_type=\"widget\" data-widget_type=\"heading.default\">\n\t\t\t\t<div class=\"elementor-widget-container\">\n\t\t\t<h2 class=\"elementor-heading-title elementor-size-default\">MILJ\u00d8MERKE FRANKRIKE - CRIT AIR<\/h2>\t\t<\/div>\n\t\t\t\t<\/div>\n\t\t\t\t<div class=\"elementor-element elementor-element-7de28d5a de_scroll_animation_no elementor-widget elementor-widget-text-editor\" data-id=\"7de28d5a\" data-element_type=\"widget\" data-widget_type=\"text-editor.default\">\n\t\t\t\t<div class=\"elementor-widget-container\">\n\t\t\t\t\t\t\t<p>Bestill ditt Milieusticker Frankrijk Crit air med bare noen f\u00e5 klikk.<\/p>\t\t\t\t\t\t<\/div>\n\t\t\t\t<\/div>\n\t\t\t\t<div class=\"elementor-element elementor-element-11bf44a elementor-mobile-align-center elementor-widget-mobile__width-inherit elementor-align-center de_scroll_animation_no elementor-widget elementor-widget-button\" data-id=\"11bf44a\" data-element_type=\"widget\" data-widget_type=\"button.default\">\n\t\t\t\t<div class=\"elementor-widget-container\">\n\t\t\t\t\t<div class=\"elementor-button-wrapper\">\n\t\t\t<a href=\"https:\/\/vignette-france.com\/nb\/product\/crit-air-miljomerke-frankrike\/\" class=\"elementor-button-link elementor-button elementor-size-md elementor-animation-float\" role=\"button\">\n\t\t\t\t\t\t<span class=\"elementor-button-content-wrapper\">\n\t\t\t\t\t\t<span class=\"elementor-button-text\">BESTILL N\u00c5<\/span>\n\t\t<\/span>\n\t\t\t\t\t<\/a>\n\t\t<\/div>\n\t\t\t\t<\/div>\n\t\t\t\t<\/div>\n\t\t\t\t\t<\/div>\n\t\t<\/div>\n\t\t\t\t\t\t\t<\/div>\n\t\t<\/section>\n\t\t\t\t<section class=\"elementor-section elementor-top-section elementor-element elementor-element-29631085 elementor-section-content-middle elementor-section-boxed elementor-section-height-default elementor-section-height-default\" data-id=\"29631085\" data-element_type=\"section\">\n\t\t\t\t\t\t<div class=\"elementor-container elementor-column-gap-wider\">\n\t\t\t\t\t<div class=\"elementor-column elementor-col-50 elementor-top-column elementor-element elementor-element-19fa3fcd\" data-id=\"19fa3fcd\" data-element_type=\"column\">\n\t\t\t<div class=\"elementor-widget-wrap elementor-element-populated\">\n\t\t\t\t\t\t\t\t<div class=\"elementor-element elementor-element-5dfc1829 elementor-widget__width-auto de_scroll_animation_no elementor-widget elementor-widget-image\" data-id=\"5dfc1829\" data-element_type=\"widget\" data-widget_type=\"image.default\">\n\t\t\t\t<div class=\"elementor-widget-container\">\n\t\t\t\t\t\t\t\t\t\t\t\t\t\t\t<img src=\"https:\/\/vignette-france.com\/wp-content\/uploads\/2022\/05\/vignette-critair-1.png\" title=\"\" alt=\"\" \/>\t\t\t\t\t\t\t\t\t\t\t\t\t\t\t<\/div>\n\t\t\t\t<\/div>\n\t\t\t\t\t<\/div>\n\t\t<\/div>\n\t\t\t\t<div class=\"elementor-column elementor-col-50 elementor-top-column elementor-element elementor-element-5cd8bc0d\" data-id=\"5cd8bc0d\" data-element_type=\"column\">\n\t\t\t<div class=\"elementor-widget-wrap elementor-element-populated\">\n\t\t\t\t\t\t\t\t<div class=\"elementor-element elementor-element-3cffb242 de_scroll_animation_no elementor-widget elementor-widget-heading\" data-id=\"3cffb242\" data-element_type=\"widget\" data-widget_type=\"heading.default\">\n\t\t\t\t<div class=\"elementor-widget-container\">\n\t\t\t<div class=\"elementor-heading-title elementor-size-default\">Milieusticker Frankrijk Crit air<\/div>\t\t<\/div>\n\t\t\t\t<\/div>\n\t\t\t\t<div class=\"elementor-element elementor-element-749d39e0 de_scroll_animation_no elementor-widget elementor-widget-heading\" data-id=\"749d39e0\" data-element_type=\"widget\" data-widget_type=\"heading.default\">\n\t\t\t\t<div class=\"elementor-widget-container\">\n\t\t\t<h3 class=\"elementor-heading-title elementor-size-default\">Hvordan man bestiller det franske \"Crit'Air\"<\/h3>\t\t<\/div>\n\t\t\t\t<\/div>\n\t\t\t\t<div class=\"elementor-element elementor-element-6bfa3cd4 de_scroll_animation_no elementor-widget elementor-widget-text-editor\" data-id=\"6bfa3cd4\" data-element_type=\"widget\" data-widget_type=\"text-editor.default\">\n\t\t\t\t<div class=\"elementor-widget-container\">\n\t\t\t\t\t\t\t<p>Du kan enkelt bestille milj\u00f8merket for Frankrike p\u00e5 nett, som gir deg en bekvem adgang til Paris og andre byer. Du trenger kun kj\u00f8ret\u00f8yets registreringsbevis.<\/p>\t\t\t\t\t\t<\/div>\n\t\t\t\t<\/div>\n\t\t\t\t<section class=\"elementor-section elementor-inner-section elementor-element elementor-element-4fb032b elementor-section-boxed elementor-section-height-default elementor-section-height-default\" data-id=\"4fb032b\" data-element_type=\"section\">\n\t\t\t\t\t\t<div class=\"elementor-container elementor-column-gap-default\">\n\t\t\t\t\t<div class=\"elementor-column elementor-col-50 elementor-inner-column elementor-element elementor-element-7b7cea9\" data-id=\"7b7cea9\" data-element_type=\"column\">\n\t\t\t<div class=\"elementor-widget-wrap elementor-element-populated\">\n\t\t\t\t\t\t\t\t<div class=\"elementor-element elementor-element-4831f369 elementor-widget__width-auto elementor-view-default de_scroll_animation_no elementor-widget elementor-widget-icon\" data-id=\"4831f369\" data-element_type=\"widget\" data-widget_type=\"icon.default\">\n\t\t\t\t<div class=\"elementor-widget-container\">\n\t\t\t\t\t<div class=\"elementor-icon-wrapper\">\n\t\t\t<div class=\"elementor-icon\">\n\t\t\t<i aria-hidden=\"true\" class=\"dticon dticon-checkbox-outline\"><\/i>\t\t\t<\/div>\n\t\t<\/div>\n\t\t\t\t<\/div>\n\t\t\t\t<\/div>\n\t\t\t\t\t<\/div>\n\t\t<\/div>\n\t\t\t\t<div class=\"elementor-column elementor-col-50 elementor-inner-column elementor-element elementor-element-3ade2dc2\" data-id=\"3ade2dc2\" data-element_type=\"column\">\n\t\t\t<div class=\"elementor-widget-wrap elementor-element-populated\">\n\t\t\t\t\t\t\t\t<div class=\"elementor-element elementor-element-6fa62f0c elementor-widget__width-auto de_scroll_animation_no elementor-widget elementor-widget-heading\" data-id=\"6fa62f0c\" data-element_type=\"widget\" data-widget_type=\"heading.default\">\n\t\t\t\t<div class=\"elementor-widget-container\">\n\t\t\t<h4 class=\"elementor-heading-title elementor-size-default\">Gjelder alle milj\u00f8soner i Frankrike<\/h4>\t\t<\/div>\n\t\t\t\t<\/div>\n\t\t\t\t\t<\/div>\n\t\t<\/div>\n\t\t\t\t\t\t\t<\/div>\n\t\t<\/section>\n\t\t\t\t<section class=\"elementor-section elementor-inner-section elementor-element elementor-element-309497c6 elementor-section-boxed elementor-section-height-default elementor-section-height-default\" data-id=\"309497c6\" data-element_type=\"section\">\n\t\t\t\t\t\t<div class=\"elementor-container elementor-column-gap-default\">\n\t\t\t\t\t<div class=\"elementor-column elementor-col-50 elementor-inner-column elementor-element elementor-element-8953739\" data-id=\"8953739\" data-element_type=\"column\">\n\t\t\t<div class=\"elementor-widget-wrap elementor-element-populated\">\n\t\t\t\t\t\t\t\t<div class=\"elementor-element elementor-element-3b8c741d elementor-widget__width-auto elementor-view-default de_scroll_animation_no elementor-widget elementor-widget-icon\" data-id=\"3b8c741d\" data-element_type=\"widget\" data-widget_type=\"icon.default\">\n\t\t\t\t<div class=\"elementor-widget-container\">\n\t\t\t\t\t<div class=\"elementor-icon-wrapper\">\n\t\t\t<div class=\"elementor-icon\">\n\t\t\t<i aria-hidden=\"true\" class=\"dticon dticon-time-outline\"><\/i>\t\t\t<\/div>\n\t\t<\/div>\n\t\t\t\t<\/div>\n\t\t\t\t<\/div>\n\t\t\t\t\t<\/div>\n\t\t<\/div>\n\t\t\t\t<div class=\"elementor-column elementor-col-50 elementor-inner-column elementor-element elementor-element-2256be96\" data-id=\"2256be96\" data-element_type=\"column\">\n\t\t\t<div class=\"elementor-widget-wrap elementor-element-populated\">\n\t\t\t\t\t\t\t\t<div class=\"elementor-element elementor-element-60b23218 elementor-widget__width-auto de_scroll_animation_no elementor-widget elementor-widget-heading\" data-id=\"60b23218\" data-element_type=\"widget\" data-widget_type=\"heading.default\">\n\t\t\t\t<div class=\"elementor-widget-container\">\n\t\t\t<h4 class=\"elementor-heading-title elementor-size-default\">Enkel bestilling (24\/7)<\/h4>\t\t<\/div>\n\t\t\t\t<\/div>\n\t\t\t\t\t<\/div>\n\t\t<\/div>\n\t\t\t\t\t\t\t<\/div>\n\t\t<\/section>\n\t\t\t\t<section class=\"elementor-section elementor-inner-section elementor-element elementor-element-374c437 elementor-section-boxed elementor-section-height-default elementor-section-height-default\" data-id=\"374c437\" data-element_type=\"section\">\n\t\t\t\t\t\t<div class=\"elementor-container elementor-column-gap-default\">\n\t\t\t\t\t<div class=\"elementor-column elementor-col-50 elementor-inner-column elementor-element elementor-element-4da6270\" data-id=\"4da6270\" data-element_type=\"column\">\n\t\t\t<div class=\"elementor-widget-wrap elementor-element-populated\">\n\t\t\t\t\t\t\t\t<div class=\"elementor-element elementor-element-897a57e elementor-widget__width-auto elementor-view-default de_scroll_animation_no elementor-widget elementor-widget-icon\" data-id=\"897a57e\" data-element_type=\"widget\" data-widget_type=\"icon.default\">\n\t\t\t\t<div class=\"elementor-widget-container\">\n\t\t\t\t\t<div class=\"elementor-icon-wrapper\">\n\t\t\t<div class=\"elementor-icon\">\n\t\t\t<i aria-hidden=\"true\" class=\"dticon dticon-paper-plane-outline\"><\/i>\t\t\t<\/div>\n\t\t<\/div>\n\t\t\t\t<\/div>\n\t\t\t\t<\/div>\n\t\t\t\t\t<\/div>\n\t\t<\/div>\n\t\t\t\t<div class=\"elementor-column elementor-col-50 elementor-inner-column elementor-element elementor-element-f50d766\" data-id=\"f50d766\" data-element_type=\"column\">\n\t\t\t<div class=\"elementor-widget-wrap elementor-element-populated\">\n\t\t\t\t\t\t\t\t<div class=\"elementor-element elementor-element-b789ce6 elementor-widget__width-auto de_scroll_animation_no elementor-widget elementor-widget-heading\" data-id=\"b789ce6\" data-element_type=\"widget\" data-widget_type=\"heading.default\">\n\t\t\t\t<div class=\"elementor-widget-container\">\n\t\t\t<h4 class=\"elementor-heading-title elementor-size-default\">Envoy\u00e9 le jour m\u00eame<\/h4>\t\t<\/div>\n\t\t\t\t<\/div>\n\t\t\t\t\t<\/div>\n\t\t<\/div>\n\t\t\t\t\t\t\t<\/div>\n\t\t<\/section>\n\t\t\t\t\t<\/div>\n\t\t<\/div>\n\t\t\t\t\t\t\t<\/div>\n\t\t<\/section>\n\t\t\t\t<section class=\"elementor-section elementor-top-section elementor-element elementor-element-b144214 elementor-section-full_width elementor-section-height-default elementor-section-height-default\" data-id=\"b144214\" data-element_type=\"section\">\n\t\t\t\t\t\t<div class=\"elementor-container elementor-column-gap-no\">\n\t\t\t\t\t<div class=\"elementor-column elementor-col-100 elementor-top-column elementor-element elementor-element-680773e\" data-id=\"680773e\" data-element_type=\"column\">\n\t\t\t<div class=\"elementor-widget-wrap elementor-element-populated\">\n\t\t\t\t\t\t\t\t<div class=\"elementor-element elementor-element-2456fff de_scroll_animation_no elementor-widget elementor-widget-copyright\" data-id=\"2456fff\" data-element_type=\"widget\" data-settings=\"{&quot;align_mobile&quot;:&quot;center&quot;,&quot;align&quot;:&quot;center&quot;}\" data-widget_type=\"copyright.default\">\n\t\t\t\t<div class=\"elementor-widget-container\">\n\t\t\t\t\t<div class=\"hfe-copyright-wrapper\">\n\t\t\t\t\t\t\t<span>\u00a9 2022. Alle rettigheter forbeholdt.<\/span>\n\t\t\t\t\t<\/div>\n\t\t\t\t<\/div>\n\t\t\t\t<\/div>\n\t\t\t\t<div class=\"elementor-element elementor-element-87cf979 de_scroll_animation_no elementor-widget elementor-widget-text-editor\" data-id=\"87cf979\" data-element_type=\"widget\" data-widget_type=\"text-editor.default\">\n\t\t\t\t<div class=\"elementor-widget-container\">\n\t\t\t\t\t\t\t<a style=\"color: #f36400;\" href=\"https:\/\/vignette-france.com\/nb\/mentions-legales-et-conditions-generales-de-ventes-nr\/\">Betingelser og retningslinjer for refusjon\n<\/a>\t\t\t\t\t\t<\/div>\n\t\t\t\t<\/div>\n\t\t\t\t\t<\/div>\n\t\t<\/div>\n\t\t\t\t\t\t\t<\/div>\n\t\t<\/section>\n\t\t\t\t\t\t\t<\/div>","protected":false},"excerpt":{"rendered":"<p>MILJ\u00d8MERKE FRANKRIKE &#8211; CRIT AIR MILJ\u00d8MERKE FRANKRIKE &#8211; CRIT AIR Bestill ditt Milieusticker Frankrijk Crit air med bare noen f\u00e5 klikk. BESTILL N\u00c5 Milieusticker Frankrijk Crit air Hvordan man bestiller det franske \u00ab\u00a0Crit&rsquo;Air\u00a0\u00bb Du kan enkelt bestille milj\u00f8merket for Frankrike p\u00e5 nett, som gir deg en bekvem adgang til Paris og andre byer. Du trenger&hellip; <a class=\"more-link\" href=\"https:\/\/vignette-france.com\/nb\/\">Fortsett \u00e5 lese <span class=\"screen-reader-text\">Accueil norsk<\/span><\/a><\/p>","protected":false},"author":1,"featured_media":0,"parent":0,"menu_order":0,"comment_status":"closed","ping_status":"closed","template":"","meta":[],"yoast_head":"<!-- This site is optimized with the Yoast SEO plugin v19.0 - https:\/\/yoast.com\/wordpress\/plugins\/seo\/ -->\n<title>Accueil norsk - Vignette Crit&#039;Air<\/title>\n<meta name=\"robots\" content=\"index, follow, max-snippet:-1, max-image-preview:large, max-video-preview:-1\" \/>\n<link rel=\"canonical\" href=\"https:\/\/vignette-france.com\/nb\/\" \/>\n<meta property=\"og:locale\" content=\"nb_NO\" \/>\n<meta property=\"og:type\" content=\"article\" \/>\n<meta property=\"og:title\" content=\"Accueil norsk - Vignette Crit&#039;Air\" \/>\n<meta property=\"og:description\" content=\"MILJ\u00d8MERKE FRANKRIKE &#8211; CRIT AIR MILJ\u00d8MERKE FRANKRIKE &#8211; CRIT AIR Bestill ditt Milieusticker Frankrijk Crit air med bare noen f\u00e5 klikk. BESTILL N\u00c5 Milieusticker Frankrijk Crit air Hvordan man bestiller det franske \u00ab\u00a0Crit&rsquo;Air\u00a0\u00bb Du kan enkelt bestille milj\u00f8merket for Frankrike p\u00e5 nett, som gir deg en bekvem adgang til Paris og andre byer. Du trenger&hellip; Fortsett \u00e5 lese Accueil norsk\" \/>\n<meta property=\"og:url\" content=\"https:\/\/vignette-france.com\/nb\/\" \/>\n<meta property=\"og:site_name\" content=\"Vignette Crit&#039;Air\" \/>\n<meta property=\"article:modified_time\" content=\"2022-06-25T09:44:05+00:00\" \/>\n<meta property=\"og:image\" content=\"https:\/\/vignette-france.com\/wp-content\/uploads\/2022\/05\/vignette-critair-1.png\" \/>\n<meta name=\"twitter:card\" content=\"summary_large_image\" \/>\n<meta name=\"twitter:label1\" content=\"Ansl. lesetid\" \/>\n\t<meta name=\"twitter:data1\" content=\"1 minutt\" \/>\n<script type=\"application\/ld+json\" class=\"yoast-schema-graph\">{\"@context\":\"https:\/\/schema.org\",\"@graph\":[{\"@type\":\"WebSite\",\"@id\":\"https:\/\/vignette-france.com\/nb\/#website\",\"url\":\"https:\/\/vignette-france.com\/nb\/\",\"name\":\"Vignette Crit&#039;Air\",\"description\":\"Un site utilisant WordPress\",\"potentialAction\":[{\"@type\":\"SearchAction\",\"target\":{\"@type\":\"EntryPoint\",\"urlTemplate\":\"https:\/\/vignette-france.com\/nb\/?s={search_term_string}\"},\"query-input\":\"required name=search_term_string\"}],\"inLanguage\":\"nb-NO\"},{\"@type\":\"ImageObject\",\"inLanguage\":\"nb-NO\",\"@id\":\"https:\/\/vignette-france.com\/nb\/#primaryimage\",\"url\":\"https:\/\/vignette-france.com\/wp-content\/uploads\/2022\/05\/vignette-critair-1.png\",\"contentUrl\":\"https:\/\/vignette-france.com\/wp-content\/uploads\/2022\/05\/vignette-critair-1.png\",\"width\":620,\"height\":349},{\"@type\":\"WebPage\",\"@id\":\"https:\/\/vignette-france.com\/nb\/#webpage\",\"url\":\"https:\/\/vignette-france.com\/nb\/\",\"name\":\"Accueil norsk - Vignette Crit&#039;Air\",\"isPartOf\":{\"@id\":\"https:\/\/vignette-france.com\/nb\/#website\"},\"primaryImageOfPage\":{\"@id\":\"https:\/\/vignette-france.com\/nb\/#primaryimage\"},\"datePublished\":\"2022-05-09T11:35:44+00:00\",\"dateModified\":\"2022-06-25T09:44:05+00:00\",\"breadcrumb\":{\"@id\":\"https:\/\/vignette-france.com\/nb\/#breadcrumb\"},\"inLanguage\":\"nb-NO\",\"potentialAction\":[{\"@type\":\"ReadAction\",\"target\":[\"https:\/\/vignette-france.com\/nb\/\"]}]},{\"@type\":\"BreadcrumbList\",\"@id\":\"https:\/\/vignette-france.com\/nb\/#breadcrumb\",\"itemListElement\":[{\"@type\":\"ListItem\",\"position\":1,\"name\":\"Home\",\"item\":\"https:\/\/vignette-france.com\/nb\/\"},{\"@type\":\"ListItem\",\"position\":2,\"name\":\"Home\"}]}]}<\/script>\n<!-- \/ Yoast SEO plugin. -->","yoast_head_json":{"title":"Accueil norsk - Vignette Crit&#039;Air","robots":{"index":"index","follow":"follow","max-snippet":"max-snippet:-1","max-image-preview":"max-image-preview:large","max-video-preview":"max-video-preview:-1"},"canonical":"https:\/\/vignette-france.com\/nb\/","og_locale":"nb_NO","og_type":"article","og_title":"Accueil norsk - Vignette Crit&#039;Air","og_description":"MILJ\u00d8MERKE FRANKRIKE &#8211; CRIT AIR MILJ\u00d8MERKE FRANKRIKE &#8211; CRIT AIR Bestill ditt Milieusticker Frankrijk Crit air med bare noen f\u00e5 klikk. BESTILL N\u00c5 Milieusticker Frankrijk Crit air Hvordan man bestiller det franske \u00ab\u00a0Crit&rsquo;Air\u00a0\u00bb Du kan enkelt bestille milj\u00f8merket for Frankrike p\u00e5 nett, som gir deg en bekvem adgang til Paris og andre byer. Du trenger&hellip; Fortsett \u00e5 lese Accueil norsk","og_url":"https:\/\/vignette-france.com\/nb\/","og_site_name":"Vignette Crit&#039;Air","article_modified_time":"2022-06-25T09:44:05+00:00","og_image":[{"url":"https:\/\/vignette-france.com\/wp-content\/uploads\/2022\/05\/vignette-critair-1.png"}],"twitter_card":"summary_large_image","twitter_misc":{"Ansl. lesetid":"1 minutt"},"schema":{"@context":"https:\/\/schema.org","@graph":[{"@type":"WebSite","@id":"https:\/\/vignette-france.com\/nb\/#website","url":"https:\/\/vignette-france.com\/nb\/","name":"Vignette Crit&#039;Air","description":"Un site utilisant WordPress","potentialAction":[{"@type":"SearchAction","target":{"@type":"EntryPoint","urlTemplate":"https:\/\/vignette-france.com\/nb\/?s={search_term_string}"},"query-input":"required name=search_term_string"}],"inLanguage":"nb-NO"},{"@type":"ImageObject","inLanguage":"nb-NO","@id":"https:\/\/vignette-france.com\/nb\/#primaryimage","url":"https:\/\/vignette-france.com\/wp-content\/uploads\/2022\/05\/vignette-critair-1.png","contentUrl":"https:\/\/vignette-france.com\/wp-content\/uploads\/2022\/05\/vignette-critair-1.png","width":620,"height":349},{"@type":"WebPage","@id":"https:\/\/vignette-france.com\/nb\/#webpage","url":"https:\/\/vignette-france.com\/nb\/","name":"Accueil norsk - Vignette Crit&#039;Air","isPartOf":{"@id":"https:\/\/vignette-france.com\/nb\/#website"},"primaryImageOfPage":{"@id":"https:\/\/vignette-france.com\/nb\/#primaryimage"},"datePublished":"2022-05-09T11:35:44+00:00","dateModified":"2022-06-25T09:44:05+00:00","breadcrumb":{"@id":"https:\/\/vignette-france.com\/nb\/#breadcrumb"},"inLanguage":"nb-NO","potentialAction":[{"@type":"ReadAction","target":["https:\/\/vignette-france.com\/nb\/"]}]},{"@type":"BreadcrumbList","@id":"https:\/\/vignette-france.com\/nb\/#breadcrumb","itemListElement":[{"@type":"ListItem","position":1,"name":"Home","item":"https:\/\/vignette-france.com\/nb\/"},{"@type":"ListItem","position":2,"name":"Home"}]}]}},"lang":"nb","translations":{"nb":4808,"sv":4889,"fi":4867,"pl":4835,"da":4826,"ro":4823,"de":4797,"nl":1819,"en":4788,"fr":4579},"_links":{"self":[{"href":"https:\/\/vignette-france.com\/nb\/wp-json\/wp\/v2\/pages\/4808"}],"collection":[{"href":"https:\/\/vignette-france.com\/nb\/wp-json\/wp\/v2\/pages"}],"about":[{"href":"https:\/\/vignette-france.com\/nb\/wp-json\/wp\/v2\/types\/page"}],"author":[{"embeddable":true,"href":"https:\/\/vignette-france.com\/nb\/wp-json\/wp\/v2\/users\/1"}],"replies":[{"embeddable":true,"href":"https:\/\/vignette-france.com\/nb\/wp-json\/wp\/v2\/comments?post=4808"}],"version-history":[{"count":32,"href":"https:\/\/vignette-france.com\/nb\/wp-json\/wp\/v2\/pages\/4808\/revisions"}],"predecessor-version":[{"id":5638,"href":"https:\/\/vignette-france.com\/nb\/wp-json\/wp\/v2\/pages\/4808\/revisions\/5638"}],"wp:attachment":[{"href":"https:\/\/vignette-france.com\/nb\/wp-json\/wp\/v2\/media?parent=4808"}],"curies":[{"name":"wp","href":"https:\/\/api.w.org\/{rel}","templated":true}]}}