{"id":1819,"date":"2021-06-16T16:44:54","date_gmt":"2021-06-16T14:44:54","guid":{"rendered":"https:\/\/vignette-france.com\/?page_id=1819"},"modified":"2022-06-21T20:58:28","modified_gmt":"2022-06-21T18:58:28","slug":"home-nl","status":"publish","type":"page","link":"https:\/\/vignette-france.com\/nl\/","title":{"rendered":"Accueil nl"},"content":{"rendered":"<div data-elementor-type=\"wp-page\" data-elementor-id=\"1819\" class=\"elementor elementor-1819\">\n\t\t\t\t\t\t\t\t\t<section class=\"elementor-section elementor-top-section elementor-element elementor-element-d899db3 elementor-section-boxed elementor-section-height-default elementor-section-height-default\" data-id=\"d899db3\" data-element_type=\"section\">\n\t\t\t\t\t\t<div class=\"elementor-container elementor-column-gap-wider\">\n\t\t\t\t\t<div class=\"elementor-column elementor-col-100 elementor-top-column elementor-element elementor-element-e47a9c5\" data-id=\"e47a9c5\" data-element_type=\"column\">\n\t\t\t<div class=\"elementor-widget-wrap elementor-element-populated\">\n\t\t\t\t\t\t\t\t<div class=\"elementor-element elementor-element-f674039 de_scroll_animation_no elementor-widget elementor-widget-heading\" data-id=\"f674039\" data-element_type=\"widget\" data-widget_type=\"heading.default\">\n\t\t\t\t<div class=\"elementor-widget-container\">\n\t\t\t<div class=\"elementor-heading-title elementor-size-default\">Milieusticker Frankrijk<\/div>\t\t<\/div>\n\t\t\t\t<\/div>\n\t\t\t\t<div class=\"elementor-element elementor-element-720d22c de_scroll_animation_no elementor-widget elementor-widget-heading\" data-id=\"720d22c\" data-element_type=\"widget\" data-widget_type=\"heading.default\">\n\t\t\t\t<div class=\"elementor-widget-container\">\n\t\t\t<h2 class=\"elementor-heading-title elementor-size-default\">Milieusticker Frankrijk Crit'Air<\/h2>\t\t<\/div>\n\t\t\t\t<\/div>\n\t\t\t\t<div class=\"elementor-element elementor-element-f22df4e de_scroll_animation_no elementor-widget elementor-widget-text-editor\" data-id=\"f22df4e\" data-element_type=\"widget\" data-widget_type=\"text-editor.default\">\n\t\t\t\t<div class=\"elementor-widget-container\">\n\t\t\t\t\t\t\t<p>Bestel uw Crit\u2019Air \u2013 Milieusticker Frankrijk in slechts een paar klikken.<\/p>\t\t\t\t\t\t<\/div>\n\t\t\t\t<\/div>\n\t\t\t\t<div class=\"elementor-element elementor-element-1702cb2 elementor-mobile-align-center elementor-widget-mobile__width-inherit elementor-align-center de_scroll_animation_no elementor-widget elementor-widget-button\" data-id=\"1702cb2\" data-element_type=\"widget\" data-widget_type=\"button.default\">\n\t\t\t\t<div class=\"elementor-widget-container\">\n\t\t\t\t\t<div class=\"elementor-button-wrapper\">\n\t\t\t<a href=\"https:\/\/vignette-france.com\/nl\/product\/critair-milieusticker-frankrijk\/\" class=\"elementor-button-link elementor-button elementor-size-md elementor-animation-float\" role=\"button\">\n\t\t\t\t\t\t<span class=\"elementor-button-content-wrapper\">\n\t\t\t\t\t\t<span class=\"elementor-button-text\">BESTEL NU<\/span>\n\t\t<\/span>\n\t\t\t\t\t<\/a>\n\t\t<\/div>\n\t\t\t\t<\/div>\n\t\t\t\t<\/div>\n\t\t\t\t\t<\/div>\n\t\t<\/div>\n\t\t\t\t\t\t\t<\/div>\n\t\t<\/section>\n\t\t\t\t<section class=\"elementor-section elementor-top-section elementor-element elementor-element-1ac70a0 elementor-section-content-middle elementor-section-boxed elementor-section-height-default elementor-section-height-default\" data-id=\"1ac70a0\" data-element_type=\"section\">\n\t\t\t\t\t\t<div class=\"elementor-container elementor-column-gap-wider\">\n\t\t\t\t\t<div class=\"elementor-column elementor-col-50 elementor-top-column elementor-element elementor-element-277b330\" data-id=\"277b330\" data-element_type=\"column\">\n\t\t\t<div class=\"elementor-widget-wrap elementor-element-populated\">\n\t\t\t\t\t\t\t\t<div class=\"elementor-element elementor-element-d11cf9a elementor-widget__width-auto de_scroll_animation_no elementor-widget elementor-widget-image\" data-id=\"d11cf9a\" data-element_type=\"widget\" data-widget_type=\"image.default\">\n\t\t\t\t<div class=\"elementor-widget-container\">\n\t\t\t\t\t\t\t\t\t\t\t\t\t\t\t<img width=\"620\" height=\"349\" src=\"https:\/\/vignette-france.com\/wp-content\/uploads\/2022\/05\/vignette-critair-1.png\" class=\"attachment-full size-full\" alt=\"\" loading=\"lazy\" srcset=\"https:\/\/vignette-france.com\/wp-content\/uploads\/2022\/05\/vignette-critair-1.png 620w, https:\/\/vignette-france.com\/wp-content\/uploads\/2022\/05\/vignette-critair-1-300x169.png 300w, https:\/\/vignette-france.com\/wp-content\/uploads\/2022\/05\/vignette-critair-1-18x10.png 18w, https:\/\/vignette-france.com\/wp-content\/uploads\/2022\/05\/vignette-critair-1-450x253.png 450w, https:\/\/vignette-france.com\/wp-content\/uploads\/2022\/05\/vignette-critair-1-600x338.png 600w\" sizes=\"(max-width: 620px) 100vw, 620px\" style=\"width:100%;height:56.29%;max-width:620px\" \/>\t\t\t\t\t\t\t\t\t\t\t\t\t\t\t<\/div>\n\t\t\t\t<\/div>\n\t\t\t\t\t<\/div>\n\t\t<\/div>\n\t\t\t\t<div class=\"elementor-column elementor-col-50 elementor-top-column elementor-element elementor-element-858b9f9\" data-id=\"858b9f9\" data-element_type=\"column\">\n\t\t\t<div class=\"elementor-widget-wrap elementor-element-populated\">\n\t\t\t\t\t\t\t\t<div class=\"elementor-element elementor-element-1e20289 elementor-widget__width-inherit de_scroll_animation_no elementor-widget elementor-widget-heading\" data-id=\"1e20289\" data-element_type=\"widget\" data-widget_type=\"heading.default\">\n\t\t\t\t<div class=\"elementor-widget-container\">\n\t\t\t<div class=\"elementor-heading-title elementor-size-default\">Milieusticker Frankrijk Crit'air<\/div>\t\t<\/div>\n\t\t\t\t<\/div>\n\t\t\t\t<div class=\"elementor-element elementor-element-37c6455 de_scroll_animation_no elementor-widget elementor-widget-heading\" data-id=\"37c6455\" data-element_type=\"widget\" data-widget_type=\"heading.default\">\n\t\t\t\t<div class=\"elementor-widget-container\">\n\t\t\t<h3 class=\"elementor-heading-title elementor-size-default\">De Franse milieusticker Crit\u2019Air bestellen<\/h3>\t\t<\/div>\n\t\t\t\t<\/div>\n\t\t\t\t<div class=\"elementor-element elementor-element-2908660 de_scroll_animation_no elementor-widget elementor-widget-text-editor\" data-id=\"2908660\" data-element_type=\"widget\" data-widget_type=\"text-editor.default\">\n\t\t\t\t<div class=\"elementor-widget-container\">\n\t\t\t\t\t\t\t<p>U kunt de milieusticker voor Frankrijk makkelijk online bestellen en zo soepel het centrum van Parijs en andere steden binnenrijden. Het enige wat u nodig hebt is een registratiecertificaat van uw voertuig.<\/p>\t\t\t\t\t\t<\/div>\n\t\t\t\t<\/div>\n\t\t\t\t<section class=\"elementor-section elementor-inner-section elementor-element elementor-element-b3584d5 elementor-section-boxed elementor-section-height-default elementor-section-height-default\" data-id=\"b3584d5\" data-element_type=\"section\">\n\t\t\t\t\t\t<div class=\"elementor-container elementor-column-gap-default\">\n\t\t\t\t\t<div class=\"elementor-column elementor-col-50 elementor-inner-column elementor-element elementor-element-8cbdc62\" data-id=\"8cbdc62\" data-element_type=\"column\">\n\t\t\t<div class=\"elementor-widget-wrap elementor-element-populated\">\n\t\t\t\t\t\t\t\t<div class=\"elementor-element elementor-element-62bdc4b elementor-widget__width-auto elementor-view-default de_scroll_animation_no elementor-widget elementor-widget-icon\" data-id=\"62bdc4b\" data-element_type=\"widget\" data-widget_type=\"icon.default\">\n\t\t\t\t<div class=\"elementor-widget-container\">\n\t\t\t\t\t<div class=\"elementor-icon-wrapper\">\n\t\t\t<div class=\"elementor-icon\">\n\t\t\t<i aria-hidden=\"true\" class=\"dticon dticon-checkbox-outline\"><\/i>\t\t\t<\/div>\n\t\t<\/div>\n\t\t\t\t<\/div>\n\t\t\t\t<\/div>\n\t\t\t\t\t<\/div>\n\t\t<\/div>\n\t\t\t\t<div class=\"elementor-column elementor-col-50 elementor-inner-column elementor-element elementor-element-aaa8de8\" data-id=\"aaa8de8\" data-element_type=\"column\">\n\t\t\t<div class=\"elementor-widget-wrap elementor-element-populated\">\n\t\t\t\t\t\t\t\t<div class=\"elementor-element elementor-element-da659a2 elementor-widget__width-auto de_scroll_animation_no elementor-widget elementor-widget-heading\" data-id=\"da659a2\" data-element_type=\"widget\" data-widget_type=\"heading.default\">\n\t\t\t\t<div class=\"elementor-widget-container\">\n\t\t\t<h4 class=\"elementor-heading-title elementor-size-default\">Geldig in alle Franse milieuzones<\/h4>\t\t<\/div>\n\t\t\t\t<\/div>\n\t\t\t\t\t<\/div>\n\t\t<\/div>\n\t\t\t\t\t\t\t<\/div>\n\t\t<\/section>\n\t\t\t\t<section class=\"elementor-section elementor-inner-section elementor-element elementor-element-86657fe elementor-section-boxed elementor-section-height-default elementor-section-height-default\" data-id=\"86657fe\" data-element_type=\"section\">\n\t\t\t\t\t\t<div class=\"elementor-container elementor-column-gap-default\">\n\t\t\t\t\t<div class=\"elementor-column elementor-col-50 elementor-inner-column elementor-element elementor-element-ccb6b92\" data-id=\"ccb6b92\" data-element_type=\"column\">\n\t\t\t<div class=\"elementor-widget-wrap elementor-element-populated\">\n\t\t\t\t\t\t\t\t<div class=\"elementor-element elementor-element-2356a0d elementor-widget__width-auto elementor-view-default de_scroll_animation_no elementor-widget elementor-widget-icon\" data-id=\"2356a0d\" data-element_type=\"widget\" data-widget_type=\"icon.default\">\n\t\t\t\t<div class=\"elementor-widget-container\">\n\t\t\t\t\t<div class=\"elementor-icon-wrapper\">\n\t\t\t<div class=\"elementor-icon\">\n\t\t\t<i aria-hidden=\"true\" class=\"dticon dticon-time-outline\"><\/i>\t\t\t<\/div>\n\t\t<\/div>\n\t\t\t\t<\/div>\n\t\t\t\t<\/div>\n\t\t\t\t\t<\/div>\n\t\t<\/div>\n\t\t\t\t<div class=\"elementor-column elementor-col-50 elementor-inner-column elementor-element elementor-element-716e893\" data-id=\"716e893\" data-element_type=\"column\">\n\t\t\t<div class=\"elementor-widget-wrap elementor-element-populated\">\n\t\t\t\t\t\t\t\t<div class=\"elementor-element elementor-element-46658e2 elementor-widget__width-auto de_scroll_animation_no elementor-widget elementor-widget-heading\" data-id=\"46658e2\" data-element_type=\"widget\" data-widget_type=\"heading.default\">\n\t\t\t\t<div class=\"elementor-widget-container\">\n\t\t\t<h4 class=\"elementor-heading-title elementor-size-default\">Makkelijk bestellen (24\/7)<\/h4>\t\t<\/div>\n\t\t\t\t<\/div>\n\t\t\t\t\t<\/div>\n\t\t<\/div>\n\t\t\t\t\t\t\t<\/div>\n\t\t<\/section>\n\t\t\t\t<section class=\"elementor-section elementor-inner-section elementor-element elementor-element-5bd124d elementor-section-boxed elementor-section-height-default elementor-section-height-default\" data-id=\"5bd124d\" data-element_type=\"section\">\n\t\t\t\t\t\t<div class=\"elementor-container elementor-column-gap-default\">\n\t\t\t\t\t<div class=\"elementor-column elementor-col-50 elementor-inner-column elementor-element elementor-element-b4a5395\" data-id=\"b4a5395\" data-element_type=\"column\">\n\t\t\t<div class=\"elementor-widget-wrap elementor-element-populated\">\n\t\t\t\t\t\t\t\t<div class=\"elementor-element elementor-element-7eb56f2 elementor-widget__width-auto elementor-view-default de_scroll_animation_no elementor-widget elementor-widget-icon\" data-id=\"7eb56f2\" data-element_type=\"widget\" data-widget_type=\"icon.default\">\n\t\t\t\t<div class=\"elementor-widget-container\">\n\t\t\t\t\t<div class=\"elementor-icon-wrapper\">\n\t\t\t<div class=\"elementor-icon\">\n\t\t\t<i aria-hidden=\"true\" class=\"dticon dticon-paper-plane-outline\"><\/i>\t\t\t<\/div>\n\t\t<\/div>\n\t\t\t\t<\/div>\n\t\t\t\t<\/div>\n\t\t\t\t\t<\/div>\n\t\t<\/div>\n\t\t\t\t<div class=\"elementor-column elementor-col-50 elementor-inner-column elementor-element elementor-element-61d85f5\" data-id=\"61d85f5\" data-element_type=\"column\">\n\t\t\t<div class=\"elementor-widget-wrap elementor-element-populated\">\n\t\t\t\t\t\t\t\t<div class=\"elementor-element elementor-element-df4aab8 elementor-widget__width-auto de_scroll_animation_no elementor-widget elementor-widget-heading\" data-id=\"df4aab8\" data-element_type=\"widget\" data-widget_type=\"heading.default\">\n\t\t\t\t<div class=\"elementor-widget-container\">\n\t\t\t<h4 class=\"elementor-heading-title elementor-size-default\">Verzending is gratis <\/h4>\t\t<\/div>\n\t\t\t\t<\/div>\n\t\t\t\t\t<\/div>\n\t\t<\/div>\n\t\t\t\t\t\t\t<\/div>\n\t\t<\/section>\n\t\t\t\t\t<\/div>\n\t\t<\/div>\n\t\t\t\t\t\t\t<\/div>\n\t\t<\/section>\n\t\t\t\t<section class=\"elementor-section elementor-top-section elementor-element elementor-element-c197ed3 elementor-section-full_width elementor-section-height-default elementor-section-height-default\" data-id=\"c197ed3\" data-element_type=\"section\">\n\t\t\t\t\t\t<div class=\"elementor-container elementor-column-gap-no\">\n\t\t\t\t\t<div class=\"elementor-column elementor-col-100 elementor-top-column elementor-element elementor-element-27c1c75\" data-id=\"27c1c75\" data-element_type=\"column\">\n\t\t\t<div class=\"elementor-widget-wrap elementor-element-populated\">\n\t\t\t\t\t\t\t\t<div class=\"elementor-element elementor-element-083291d de_scroll_animation_no elementor-widget elementor-widget-copyright\" data-id=\"083291d\" data-element_type=\"widget\" data-settings=\"{&quot;align_mobile&quot;:&quot;center&quot;,&quot;align&quot;:&quot;center&quot;}\" data-widget_type=\"copyright.default\">\n\t\t\t\t<div class=\"elementor-widget-container\">\n\t\t\t\t\t<div class=\"hfe-copyright-wrapper\">\n\t\t\t\t\t\t\t<span>\u00a9 2022. Alle rechten voorbehouden.<\/span>\n\t\t\t\t\t<\/div>\n\t\t\t\t<\/div>\n\t\t\t\t<\/div>\n\t\t\t\t<div class=\"elementor-element elementor-element-54b1d2f de_scroll_animation_no elementor-widget elementor-widget-text-editor\" data-id=\"54b1d2f\" data-element_type=\"widget\" data-widget_type=\"text-editor.default\">\n\t\t\t\t<div class=\"elementor-widget-container\">\n\t\t\t\t\t\t\t<a style=\"color: #f36400;\" href=\"https:\/\/vignette-france.com\/nl\/mentions-legales-et-conditions-generales-de-ventes-nl\/\">Voorwaarden en Restitutiebeleid\n\u200b<\/a>\t\t\t\t\t\t<\/div>\n\t\t\t\t<\/div>\n\t\t\t\t\t<\/div>\n\t\t<\/div>\n\t\t\t\t\t\t\t<\/div>\n\t\t<\/section>\n\t\t\t\t\t\t\t<\/div>","protected":false},"excerpt":{"rendered":"<p>Milieusticker Frankrijk Milieusticker Frankrijk Crit&rsquo;Air Bestel uw Crit\u2019Air \u2013 Milieusticker Frankrijk in slechts een paar klikken. BESTEL NU Milieusticker Frankrijk Crit&rsquo;air De Franse milieusticker Crit\u2019Air bestellen U kunt de milieusticker voor Frankrijk makkelijk online bestellen en zo soepel het centrum van Parijs en andere steden binnenrijden. Het enige wat u nodig hebt is een registratiecertificaat&hellip; <a class=\"more-link\" href=\"https:\/\/vignette-france.com\/nl\/\">Lees verder <span class=\"screen-reader-text\">Accueil nl<\/span><\/a><\/p>","protected":false},"author":1,"featured_media":0,"parent":0,"menu_order":0,"comment_status":"closed","ping_status":"closed","template":"","meta":[],"yoast_head":"<!-- This site is optimized with the Yoast SEO plugin v19.0 - https:\/\/yoast.com\/wordpress\/plugins\/seo\/ -->\n<title>Accueil nl - Vignette Crit&#039;Air<\/title>\n<meta name=\"description\" content=\"Die Crit&#039;Air Umweltplakette ist in Frankreich Pflichtf\u00fcr ausl\u00e4ndische Fahrzeuge. Erhalten Sie schnell eine vorl\u00e4ufige Bescheinigung online\" \/>\n<meta name=\"robots\" content=\"index, follow, max-snippet:-1, max-image-preview:large, max-video-preview:-1\" \/>\n<link rel=\"canonical\" href=\"https:\/\/vignette-france.com\/nl\/\" \/>\n<meta property=\"og:locale\" content=\"nl_NL\" \/>\n<meta property=\"og:type\" content=\"article\" \/>\n<meta property=\"og:title\" content=\"Accueil nl - Vignette Crit&#039;Air\" \/>\n<meta property=\"og:description\" content=\"Die Crit&#039;Air Umweltplakette ist in Frankreich Pflichtf\u00fcr ausl\u00e4ndische Fahrzeuge. Erhalten Sie schnell eine vorl\u00e4ufige Bescheinigung online\" \/>\n<meta property=\"og:url\" content=\"https:\/\/vignette-france.com\/nl\/\" \/>\n<meta property=\"og:site_name\" content=\"Vignette Crit&#039;Air\" \/>\n<meta property=\"article:modified_time\" content=\"2022-06-21T18:58:28+00:00\" \/>\n<meta property=\"og:image\" content=\"https:\/\/vignette-france.com\/wp-content\/uploads\/2022\/05\/vignette-critair-1.png\" \/>\n<meta name=\"twitter:card\" content=\"summary_large_image\" \/>\n<meta name=\"twitter:label1\" content=\"Verwachte leestijd\" \/>\n\t<meta name=\"twitter:data1\" content=\"1 minuut\" \/>\n<script type=\"application\/ld+json\" class=\"yoast-schema-graph\">{\"@context\":\"https:\/\/schema.org\",\"@graph\":[{\"@type\":\"WebSite\",\"@id\":\"https:\/\/vignette-france.com\/nl\/#website\",\"url\":\"https:\/\/vignette-france.com\/nl\/\",\"name\":\"Vignette Crit&#039;Air\",\"description\":\"Un site utilisant WordPress\",\"potentialAction\":[{\"@type\":\"SearchAction\",\"target\":{\"@type\":\"EntryPoint\",\"urlTemplate\":\"https:\/\/vignette-france.com\/nl\/?s={search_term_string}\"},\"query-input\":\"required name=search_term_string\"}],\"inLanguage\":\"nl\"},{\"@type\":\"ImageObject\",\"inLanguage\":\"nl\",\"@id\":\"https:\/\/vignette-france.com\/nl\/#primaryimage\",\"url\":\"https:\/\/vignette-france.com\/wp-content\/uploads\/2022\/05\/vignette-critair-1.png\",\"contentUrl\":\"https:\/\/vignette-france.com\/wp-content\/uploads\/2022\/05\/vignette-critair-1.png\",\"width\":620,\"height\":349},{\"@type\":\"WebPage\",\"@id\":\"https:\/\/vignette-france.com\/nl\/#webpage\",\"url\":\"https:\/\/vignette-france.com\/nl\/\",\"name\":\"Accueil nl - Vignette Crit&#039;Air\",\"isPartOf\":{\"@id\":\"https:\/\/vignette-france.com\/nl\/#website\"},\"primaryImageOfPage\":{\"@id\":\"https:\/\/vignette-france.com\/nl\/#primaryimage\"},\"datePublished\":\"2021-06-16T14:44:54+00:00\",\"dateModified\":\"2022-06-21T18:58:28+00:00\",\"description\":\"Die Crit'Air Umweltplakette ist in Frankreich Pflichtf\u00fcr ausl\u00e4ndische Fahrzeuge. Erhalten Sie schnell eine vorl\u00e4ufige Bescheinigung online\",\"breadcrumb\":{\"@id\":\"https:\/\/vignette-france.com\/nl\/#breadcrumb\"},\"inLanguage\":\"nl\",\"potentialAction\":[{\"@type\":\"ReadAction\",\"target\":[\"https:\/\/vignette-france.com\/nl\/\"]}]},{\"@type\":\"BreadcrumbList\",\"@id\":\"https:\/\/vignette-france.com\/nl\/#breadcrumb\",\"itemListElement\":[{\"@type\":\"ListItem\",\"position\":1,\"name\":\"Home\",\"item\":\"https:\/\/vignette-france.com\/nl\/\"},{\"@type\":\"ListItem\",\"position\":2,\"name\":\"Home\"}]}]}<\/script>\n<!-- \/ Yoast SEO plugin. -->","yoast_head_json":{"title":"Accueil nl - Vignette Crit&#039;Air","description":"Die Crit'Air Umweltplakette ist in Frankreich Pflichtf\u00fcr ausl\u00e4ndische Fahrzeuge. Erhalten Sie schnell eine vorl\u00e4ufige Bescheinigung online","robots":{"index":"index","follow":"follow","max-snippet":"max-snippet:-1","max-image-preview":"max-image-preview:large","max-video-preview":"max-video-preview:-1"},"canonical":"https:\/\/vignette-france.com\/nl\/","og_locale":"nl_NL","og_type":"article","og_title":"Accueil nl - Vignette Crit&#039;Air","og_description":"Die Crit'Air Umweltplakette ist in Frankreich Pflichtf\u00fcr ausl\u00e4ndische Fahrzeuge. Erhalten Sie schnell eine vorl\u00e4ufige Bescheinigung online","og_url":"https:\/\/vignette-france.com\/nl\/","og_site_name":"Vignette Crit&#039;Air","article_modified_time":"2022-06-21T18:58:28+00:00","og_image":[{"url":"https:\/\/vignette-france.com\/wp-content\/uploads\/2022\/05\/vignette-critair-1.png"}],"twitter_card":"summary_large_image","twitter_misc":{"Verwachte leestijd":"1 minuut"},"schema":{"@context":"https:\/\/schema.org","@graph":[{"@type":"WebSite","@id":"https:\/\/vignette-france.com\/nl\/#website","url":"https:\/\/vignette-france.com\/nl\/","name":"Vignette Crit&#039;Air","description":"Un site utilisant WordPress","potentialAction":[{"@type":"SearchAction","target":{"@type":"EntryPoint","urlTemplate":"https:\/\/vignette-france.com\/nl\/?s={search_term_string}"},"query-input":"required name=search_term_string"}],"inLanguage":"nl"},{"@type":"ImageObject","inLanguage":"nl","@id":"https:\/\/vignette-france.com\/nl\/#primaryimage","url":"https:\/\/vignette-france.com\/wp-content\/uploads\/2022\/05\/vignette-critair-1.png","contentUrl":"https:\/\/vignette-france.com\/wp-content\/uploads\/2022\/05\/vignette-critair-1.png","width":620,"height":349},{"@type":"WebPage","@id":"https:\/\/vignette-france.com\/nl\/#webpage","url":"https:\/\/vignette-france.com\/nl\/","name":"Accueil nl - Vignette Crit&#039;Air","isPartOf":{"@id":"https:\/\/vignette-france.com\/nl\/#website"},"primaryImageOfPage":{"@id":"https:\/\/vignette-france.com\/nl\/#primaryimage"},"datePublished":"2021-06-16T14:44:54+00:00","dateModified":"2022-06-21T18:58:28+00:00","description":"Die Crit'Air Umweltplakette ist in Frankreich Pflichtf\u00fcr ausl\u00e4ndische Fahrzeuge. Erhalten Sie schnell eine vorl\u00e4ufige Bescheinigung online","breadcrumb":{"@id":"https:\/\/vignette-france.com\/nl\/#breadcrumb"},"inLanguage":"nl","potentialAction":[{"@type":"ReadAction","target":["https:\/\/vignette-france.com\/nl\/"]}]},{"@type":"BreadcrumbList","@id":"https:\/\/vignette-france.com\/nl\/#breadcrumb","itemListElement":[{"@type":"ListItem","position":1,"name":"Home","item":"https:\/\/vignette-france.com\/nl\/"},{"@type":"ListItem","position":2,"name":"Home"}]}]}},"lang":"nl","translations":{"nl":1819,"sv":4889,"fi":4867,"pl":4835,"da":4826,"ro":4823,"nb":4808,"de":4797,"en":4788,"fr":4579},"_links":{"self":[{"href":"https:\/\/vignette-france.com\/nl\/wp-json\/wp\/v2\/pages\/1819"}],"collection":[{"href":"https:\/\/vignette-france.com\/nl\/wp-json\/wp\/v2\/pages"}],"about":[{"href":"https:\/\/vignette-france.com\/nl\/wp-json\/wp\/v2\/types\/page"}],"author":[{"embeddable":true,"href":"https:\/\/vignette-france.com\/nl\/wp-json\/wp\/v2\/users\/1"}],"replies":[{"embeddable":true,"href":"https:\/\/vignette-france.com\/nl\/wp-json\/wp\/v2\/comments?post=1819"}],"version-history":[{"count":41,"href":"https:\/\/vignette-france.com\/nl\/wp-json\/wp\/v2\/pages\/1819\/revisions"}],"predecessor-version":[{"id":5589,"href":"https:\/\/vignette-france.com\/nl\/wp-json\/wp\/v2\/pages\/1819\/revisions\/5589"}],"wp:attachment":[{"href":"https:\/\/vignette-france.com\/nl\/wp-json\/wp\/v2\/media?parent=1819"}],"curies":[{"name":"wp","href":"https:\/\/api.w.org\/{rel}","templated":true}]}}