{"id":4835,"date":"2022-05-09T14:02:15","date_gmt":"2022-05-09T12:02:15","guid":{"rendered":"https:\/\/vignette-france.com\/?page_id=4835"},"modified":"2022-06-21T20:58:57","modified_gmt":"2022-06-21T18:58:57","slug":"accueil-pol","status":"publish","type":"page","link":"https:\/\/vignette-france.com\/pl\/","title":{"rendered":"Accueil pol"},"content":{"rendered":"<div data-elementor-type=\"wp-page\" data-elementor-id=\"4835\" class=\"elementor elementor-4835\">\n\t\t\t\t\t\t\t\t\t<section class=\"elementor-section elementor-top-section elementor-element elementor-element-20630d1a elementor-section-boxed elementor-section-height-default elementor-section-height-default\" data-id=\"20630d1a\" data-element_type=\"section\">\n\t\t\t\t\t\t<div class=\"elementor-container elementor-column-gap-wider\">\n\t\t\t\t\t<div class=\"elementor-column elementor-col-100 elementor-top-column elementor-element elementor-element-62c6d79a\" data-id=\"62c6d79a\" data-element_type=\"column\">\n\t\t\t<div class=\"elementor-widget-wrap elementor-element-populated\">\n\t\t\t\t\t\t\t\t<div class=\"elementor-element elementor-element-5fb5014 elementor-widget__width-inherit de_scroll_animation_no elementor-widget elementor-widget-heading\" data-id=\"5fb5014\" data-element_type=\"widget\" data-widget_type=\"heading.default\">\n\t\t\t\t<div class=\"elementor-widget-container\">\n\t\t\t<div class=\"elementor-heading-title elementor-size-default\">plakietka ekologiczna<\/div>\t\t<\/div>\n\t\t\t\t<\/div>\n\t\t\t\t<div class=\"elementor-element elementor-element-2c45677c de_scroll_animation_no elementor-widget elementor-widget-heading\" data-id=\"2c45677c\" data-element_type=\"widget\" data-widget_type=\"heading.default\">\n\t\t\t\t<div class=\"elementor-widget-container\">\n\t\t\t<h2 class=\"elementor-heading-title elementor-size-default\">Plakietka ekologiczna  Crit Air<\/h2>\t\t<\/div>\n\t\t\t\t<\/div>\n\t\t\t\t<div class=\"elementor-element elementor-element-7de28d5a de_scroll_animation_no elementor-widget elementor-widget-text-editor\" data-id=\"7de28d5a\" data-element_type=\"widget\" data-widget_type=\"text-editor.default\">\n\t\t\t\t<div class=\"elementor-widget-container\">\n\t\t\t\t\t\t\t<p>Zamawianie francuskiej naklejki ekologicznej Crit&rsquo;Air.<\/p>\t\t\t\t\t\t<\/div>\n\t\t\t\t<\/div>\n\t\t\t\t<div class=\"elementor-element elementor-element-11bf44a elementor-mobile-align-center elementor-widget-mobile__width-inherit elementor-align-center de_scroll_animation_no elementor-widget elementor-widget-button\" data-id=\"11bf44a\" data-element_type=\"widget\" data-widget_type=\"button.default\">\n\t\t\t\t<div class=\"elementor-widget-container\">\n\t\t\t\t\t<div class=\"elementor-button-wrapper\">\n\t\t\t<a href=\"https:\/\/vignette-france.com\/pl\/product\/crit-air-plakietka-ekologiczna-we-francji\/\" class=\"elementor-button-link elementor-button elementor-size-md elementor-animation-float\" role=\"button\">\n\t\t\t\t\t\t<span class=\"elementor-button-content-wrapper\">\n\t\t\t\t\t\t<span class=\"elementor-button-text\">ZAM\u00d3W TERAZ<\/span>\n\t\t<\/span>\n\t\t\t\t\t<\/a>\n\t\t<\/div>\n\t\t\t\t<\/div>\n\t\t\t\t<\/div>\n\t\t\t\t\t<\/div>\n\t\t<\/div>\n\t\t\t\t\t\t\t<\/div>\n\t\t<\/section>\n\t\t\t\t<section class=\"elementor-section elementor-top-section elementor-element elementor-element-29631085 elementor-section-content-middle elementor-section-boxed elementor-section-height-default elementor-section-height-default\" data-id=\"29631085\" data-element_type=\"section\">\n\t\t\t\t\t\t<div class=\"elementor-container elementor-column-gap-wider\">\n\t\t\t\t\t<div class=\"elementor-column elementor-col-50 elementor-top-column elementor-element elementor-element-19fa3fcd\" data-id=\"19fa3fcd\" data-element_type=\"column\">\n\t\t\t<div class=\"elementor-widget-wrap elementor-element-populated\">\n\t\t\t\t\t\t\t\t<div class=\"elementor-element elementor-element-5dfc1829 elementor-widget__width-auto de_scroll_animation_no elementor-widget elementor-widget-image\" data-id=\"5dfc1829\" data-element_type=\"widget\" data-widget_type=\"image.default\">\n\t\t\t\t<div class=\"elementor-widget-container\">\n\t\t\t\t\t\t\t\t\t\t\t\t\t\t\t<img src=\"https:\/\/vignette-france.com\/wp-content\/uploads\/2022\/05\/vignette-critair-1.png\" title=\"\" alt=\"\" \/>\t\t\t\t\t\t\t\t\t\t\t\t\t\t\t<\/div>\n\t\t\t\t<\/div>\n\t\t\t\t\t<\/div>\n\t\t<\/div>\n\t\t\t\t<div class=\"elementor-column elementor-col-50 elementor-top-column elementor-element elementor-element-5cd8bc0d\" data-id=\"5cd8bc0d\" data-element_type=\"column\">\n\t\t\t<div class=\"elementor-widget-wrap elementor-element-populated\">\n\t\t\t\t\t\t\t\t<div class=\"elementor-element elementor-element-3cffb242 de_scroll_animation_no elementor-widget elementor-widget-heading\" data-id=\"3cffb242\" data-element_type=\"widget\" data-widget_type=\"heading.default\">\n\t\t\t\t<div class=\"elementor-widget-container\">\n\t\t\t<div class=\"elementor-heading-title elementor-size-default\">plakietka ekologiczna<\/div>\t\t<\/div>\n\t\t\t\t<\/div>\n\t\t\t\t<div class=\"elementor-element elementor-element-749d39e0 de_scroll_animation_no elementor-widget elementor-widget-heading\" data-id=\"749d39e0\" data-element_type=\"widget\" data-widget_type=\"heading.default\">\n\t\t\t\t<div class=\"elementor-widget-container\">\n\t\t\t<h3 class=\"elementor-heading-title elementor-size-default\">Zamawianie francuskiej naklejki ekologicznej Crit'Air<\/h3>\t\t<\/div>\n\t\t\t\t<\/div>\n\t\t\t\t<div class=\"elementor-element elementor-element-6bfa3cd4 de_scroll_animation_no elementor-widget elementor-widget-text-editor\" data-id=\"6bfa3cd4\" data-element_type=\"widget\" data-widget_type=\"text-editor.default\">\n\t\t\t\t<div class=\"elementor-widget-container\">\n\t\t\t\t\t\t\t<p>Francusk\u0105 plakietk\u0119 ekologiczn\u0105, kt\u00f3ra umo\u017cliwia bezproblemowy wjazd do centrum Pary\u017ca i innych miast, mo\u017cesz w \u0142atwy spos\u00f3b zam\u00f3wi\u0107 online. Potrzebujesz tylko karty rejestracyjnej swojego pojazdu.<\/p>\t\t\t\t\t\t<\/div>\n\t\t\t\t<\/div>\n\t\t\t\t<section class=\"elementor-section elementor-inner-section elementor-element elementor-element-4fb032b elementor-section-boxed elementor-section-height-default elementor-section-height-default\" data-id=\"4fb032b\" data-element_type=\"section\">\n\t\t\t\t\t\t<div class=\"elementor-container elementor-column-gap-default\">\n\t\t\t\t\t<div class=\"elementor-column elementor-col-50 elementor-inner-column elementor-element elementor-element-7b7cea9\" data-id=\"7b7cea9\" data-element_type=\"column\">\n\t\t\t<div class=\"elementor-widget-wrap elementor-element-populated\">\n\t\t\t\t\t\t\t\t<div class=\"elementor-element elementor-element-4831f369 elementor-widget__width-auto elementor-view-default de_scroll_animation_no elementor-widget elementor-widget-icon\" data-id=\"4831f369\" data-element_type=\"widget\" data-widget_type=\"icon.default\">\n\t\t\t\t<div class=\"elementor-widget-container\">\n\t\t\t\t\t<div class=\"elementor-icon-wrapper\">\n\t\t\t<div class=\"elementor-icon\">\n\t\t\t<i aria-hidden=\"true\" class=\"dticon dticon-checkbox-outline\"><\/i>\t\t\t<\/div>\n\t\t<\/div>\n\t\t\t\t<\/div>\n\t\t\t\t<\/div>\n\t\t\t\t\t<\/div>\n\t\t<\/div>\n\t\t\t\t<div class=\"elementor-column elementor-col-50 elementor-inner-column elementor-element elementor-element-3ade2dc2\" data-id=\"3ade2dc2\" data-element_type=\"column\">\n\t\t\t<div class=\"elementor-widget-wrap elementor-element-populated\">\n\t\t\t\t\t\t\t\t<div class=\"elementor-element elementor-element-6fa62f0c elementor-widget__width-auto de_scroll_animation_no elementor-widget elementor-widget-heading\" data-id=\"6fa62f0c\" data-element_type=\"widget\" data-widget_type=\"heading.default\">\n\t\t\t\t<div class=\"elementor-widget-container\">\n\t\t\t<h4 class=\"elementor-heading-title elementor-size-default\">Obowi\u0105zuje we wszystkich francuskich strefach ekologicznych<\/h4>\t\t<\/div>\n\t\t\t\t<\/div>\n\t\t\t\t\t<\/div>\n\t\t<\/div>\n\t\t\t\t\t\t\t<\/div>\n\t\t<\/section>\n\t\t\t\t<section class=\"elementor-section elementor-inner-section elementor-element elementor-element-309497c6 elementor-section-boxed elementor-section-height-default elementor-section-height-default\" data-id=\"309497c6\" data-element_type=\"section\">\n\t\t\t\t\t\t<div class=\"elementor-container elementor-column-gap-default\">\n\t\t\t\t\t<div class=\"elementor-column elementor-col-50 elementor-inner-column elementor-element elementor-element-8953739\" data-id=\"8953739\" data-element_type=\"column\">\n\t\t\t<div class=\"elementor-widget-wrap elementor-element-populated\">\n\t\t\t\t\t\t\t\t<div class=\"elementor-element elementor-element-3b8c741d elementor-widget__width-auto elementor-view-default de_scroll_animation_no elementor-widget elementor-widget-icon\" data-id=\"3b8c741d\" data-element_type=\"widget\" data-widget_type=\"icon.default\">\n\t\t\t\t<div class=\"elementor-widget-container\">\n\t\t\t\t\t<div class=\"elementor-icon-wrapper\">\n\t\t\t<div class=\"elementor-icon\">\n\t\t\t<i aria-hidden=\"true\" class=\"dticon dticon-time-outline\"><\/i>\t\t\t<\/div>\n\t\t<\/div>\n\t\t\t\t<\/div>\n\t\t\t\t<\/div>\n\t\t\t\t\t<\/div>\n\t\t<\/div>\n\t\t\t\t<div class=\"elementor-column elementor-col-50 elementor-inner-column elementor-element elementor-element-2256be96\" data-id=\"2256be96\" data-element_type=\"column\">\n\t\t\t<div class=\"elementor-widget-wrap elementor-element-populated\">\n\t\t\t\t\t\t\t\t<div class=\"elementor-element elementor-element-60b23218 elementor-widget__width-auto de_scroll_animation_no elementor-widget elementor-widget-heading\" data-id=\"60b23218\" data-element_type=\"widget\" data-widget_type=\"heading.default\">\n\t\t\t\t<div class=\"elementor-widget-container\">\n\t\t\t<h4 class=\"elementor-heading-title elementor-size-default\">\u0141atwe zamawianie (24\/7)\u200b<\/h4>\t\t<\/div>\n\t\t\t\t<\/div>\n\t\t\t\t\t<\/div>\n\t\t<\/div>\n\t\t\t\t\t\t\t<\/div>\n\t\t<\/section>\n\t\t\t\t<section class=\"elementor-section elementor-inner-section elementor-element elementor-element-374c437 elementor-section-boxed elementor-section-height-default elementor-section-height-default\" data-id=\"374c437\" data-element_type=\"section\">\n\t\t\t\t\t\t<div class=\"elementor-container elementor-column-gap-default\">\n\t\t\t\t\t<div class=\"elementor-column elementor-col-50 elementor-inner-column elementor-element elementor-element-4da6270\" data-id=\"4da6270\" data-element_type=\"column\">\n\t\t\t<div class=\"elementor-widget-wrap elementor-element-populated\">\n\t\t\t\t\t\t\t\t<div class=\"elementor-element elementor-element-897a57e elementor-widget__width-auto elementor-view-default de_scroll_animation_no elementor-widget elementor-widget-icon\" data-id=\"897a57e\" data-element_type=\"widget\" data-widget_type=\"icon.default\">\n\t\t\t\t<div class=\"elementor-widget-container\">\n\t\t\t\t\t<div class=\"elementor-icon-wrapper\">\n\t\t\t<div class=\"elementor-icon\">\n\t\t\t<i aria-hidden=\"true\" class=\"dticon dticon-paper-plane-outline\"><\/i>\t\t\t<\/div>\n\t\t<\/div>\n\t\t\t\t<\/div>\n\t\t\t\t<\/div>\n\t\t\t\t\t<\/div>\n\t\t<\/div>\n\t\t\t\t<div class=\"elementor-column elementor-col-50 elementor-inner-column elementor-element elementor-element-f50d766\" data-id=\"f50d766\" data-element_type=\"column\">\n\t\t\t<div class=\"elementor-widget-wrap elementor-element-populated\">\n\t\t\t\t\t\t\t\t<div class=\"elementor-element elementor-element-b789ce6 elementor-widget__width-auto de_scroll_animation_no elementor-widget elementor-widget-heading\" data-id=\"b789ce6\" data-element_type=\"widget\" data-widget_type=\"heading.default\">\n\t\t\t\t<div class=\"elementor-widget-container\">\n\t\t\t<h4 class=\"elementor-heading-title elementor-size-default\">Przesy\u0142ka jest bezp\u0142atna<\/h4>\t\t<\/div>\n\t\t\t\t<\/div>\n\t\t\t\t\t<\/div>\n\t\t<\/div>\n\t\t\t\t\t\t\t<\/div>\n\t\t<\/section>\n\t\t\t\t\t<\/div>\n\t\t<\/div>\n\t\t\t\t\t\t\t<\/div>\n\t\t<\/section>\n\t\t\t\t<section class=\"elementor-section elementor-top-section elementor-element elementor-element-ee1ada7 elementor-section-full_width elementor-section-height-default elementor-section-height-default\" data-id=\"ee1ada7\" data-element_type=\"section\">\n\t\t\t\t\t\t<div class=\"elementor-container elementor-column-gap-no\">\n\t\t\t\t\t<div class=\"elementor-column elementor-col-100 elementor-top-column elementor-element elementor-element-1e881c5\" data-id=\"1e881c5\" data-element_type=\"column\">\n\t\t\t<div class=\"elementor-widget-wrap elementor-element-populated\">\n\t\t\t\t\t\t\t\t<div class=\"elementor-element elementor-element-4dc5c37 de_scroll_animation_no elementor-widget elementor-widget-copyright\" data-id=\"4dc5c37\" data-element_type=\"widget\" data-settings=\"{&quot;align_mobile&quot;:&quot;center&quot;,&quot;align&quot;:&quot;center&quot;}\" data-widget_type=\"copyright.default\">\n\t\t\t\t<div class=\"elementor-widget-container\">\n\t\t\t\t\t<div class=\"hfe-copyright-wrapper\">\n\t\t\t\t\t\t\t<span>\u00a9 2022. Wszelkie prawa zastrze\u017cone.<\/span>\n\t\t\t\t\t<\/div>\n\t\t\t\t<\/div>\n\t\t\t\t<\/div>\n\t\t\t\t<div class=\"elementor-element elementor-element-426c002 de_scroll_animation_no elementor-widget elementor-widget-text-editor\" data-id=\"426c002\" data-element_type=\"widget\" data-widget_type=\"text-editor.default\">\n\t\t\t\t<div class=\"elementor-widget-container\">\n\t\t\t\t\t\t\t<a style=\"color: #f36400;\" href=\"https:\/\/vignette-france.com\/pl\/mentions-legales-et-conditions-generales-de-ventes-pl\/\">Warunki i Zasady dokonywania zwrot\u00f3w\n<\/a>\t\t\t\t\t\t<\/div>\n\t\t\t\t<\/div>\n\t\t\t\t\t<\/div>\n\t\t<\/div>\n\t\t\t\t\t\t\t<\/div>\n\t\t<\/section>\n\t\t\t\t\t\t\t<\/div>","protected":false},"excerpt":{"rendered":"<p>plakietka ekologiczna Plakietka ekologiczna Crit Air Zamawianie francuskiej naklejki ekologicznej Crit&rsquo;Air. ZAM\u00d3W TERAZ plakietka ekologiczna Zamawianie francuskiej naklejki ekologicznej Crit&rsquo;Air Francusk\u0105 plakietk\u0119 ekologiczn\u0105, kt\u00f3ra umo\u017cliwia bezproblemowy wjazd do centrum Pary\u017ca i innych miast, mo\u017cesz w \u0142atwy spos\u00f3b zam\u00f3wi\u0107 online. Potrzebujesz tylko karty rejestracyjnej swojego pojazdu. Obowi\u0105zuje we wszystkich francuskich strefach ekologicznych \u0141atwe zamawianie (24\/7)\u200b Przesy\u0142ka&hellip; <a class=\"more-link\" href=\"https:\/\/vignette-france.com\/pl\/\">Czytaj dalej <span class=\"screen-reader-text\">Accueil pol<\/span><\/a><\/p>","protected":false},"author":1,"featured_media":0,"parent":0,"menu_order":0,"comment_status":"closed","ping_status":"closed","template":"","meta":[],"yoast_head":"<!-- This site is optimized with the Yoast SEO plugin v19.0 - https:\/\/yoast.com\/wordpress\/plugins\/seo\/ -->\n<title>Accueil pol - Vignette Crit&#039;Air<\/title>\n<meta name=\"robots\" content=\"index, follow, max-snippet:-1, max-image-preview:large, max-video-preview:-1\" \/>\n<link rel=\"canonical\" href=\"https:\/\/vignette-france.com\/pl\/\" \/>\n<meta property=\"og:locale\" content=\"pl_PL\" \/>\n<meta property=\"og:type\" content=\"article\" \/>\n<meta property=\"og:title\" content=\"Accueil pol - Vignette Crit&#039;Air\" \/>\n<meta property=\"og:description\" content=\"plakietka ekologiczna Plakietka ekologiczna Crit Air Zamawianie francuskiej naklejki ekologicznej Crit&rsquo;Air. ZAM\u00d3W TERAZ plakietka ekologiczna Zamawianie francuskiej naklejki ekologicznej Crit&rsquo;Air Francusk\u0105 plakietk\u0119 ekologiczn\u0105, kt\u00f3ra umo\u017cliwia bezproblemowy wjazd do centrum Pary\u017ca i innych miast, mo\u017cesz w \u0142atwy spos\u00f3b zam\u00f3wi\u0107 online. Potrzebujesz tylko karty rejestracyjnej swojego pojazdu. Obowi\u0105zuje we wszystkich francuskich strefach ekologicznych \u0141atwe zamawianie (24\/7)\u200b Przesy\u0142ka&hellip; Czytaj dalej Accueil pol\" \/>\n<meta property=\"og:url\" content=\"https:\/\/vignette-france.com\/pl\/\" \/>\n<meta property=\"og:site_name\" content=\"Vignette Crit&#039;Air\" \/>\n<meta property=\"article:modified_time\" content=\"2022-06-21T18:58:57+00:00\" \/>\n<meta property=\"og:image\" content=\"https:\/\/vignette-france.com\/wp-content\/uploads\/2022\/05\/vignette-critair-1.png\" \/>\n<meta name=\"twitter:card\" content=\"summary_large_image\" \/>\n<meta name=\"twitter:label1\" content=\"Szacowany czas czytania\" \/>\n\t<meta name=\"twitter:data1\" content=\"1 minuta\" \/>\n<script type=\"application\/ld+json\" class=\"yoast-schema-graph\">{\"@context\":\"https:\/\/schema.org\",\"@graph\":[{\"@type\":\"WebSite\",\"@id\":\"https:\/\/vignette-france.com\/pl\/#website\",\"url\":\"https:\/\/vignette-france.com\/pl\/\",\"name\":\"Vignette Crit&#039;Air\",\"description\":\"Un site utilisant WordPress\",\"potentialAction\":[{\"@type\":\"SearchAction\",\"target\":{\"@type\":\"EntryPoint\",\"urlTemplate\":\"https:\/\/vignette-france.com\/pl\/?s={search_term_string}\"},\"query-input\":\"required name=search_term_string\"}],\"inLanguage\":\"pl-PL\"},{\"@type\":\"ImageObject\",\"inLanguage\":\"pl-PL\",\"@id\":\"https:\/\/vignette-france.com\/pl\/#primaryimage\",\"url\":\"https:\/\/vignette-france.com\/wp-content\/uploads\/2022\/05\/vignette-critair-1.png\",\"contentUrl\":\"https:\/\/vignette-france.com\/wp-content\/uploads\/2022\/05\/vignette-critair-1.png\",\"width\":620,\"height\":349},{\"@type\":\"WebPage\",\"@id\":\"https:\/\/vignette-france.com\/pl\/#webpage\",\"url\":\"https:\/\/vignette-france.com\/pl\/\",\"name\":\"Accueil pol - Vignette Crit&#039;Air\",\"isPartOf\":{\"@id\":\"https:\/\/vignette-france.com\/pl\/#website\"},\"primaryImageOfPage\":{\"@id\":\"https:\/\/vignette-france.com\/pl\/#primaryimage\"},\"datePublished\":\"2022-05-09T12:02:15+00:00\",\"dateModified\":\"2022-06-21T18:58:57+00:00\",\"breadcrumb\":{\"@id\":\"https:\/\/vignette-france.com\/pl\/#breadcrumb\"},\"inLanguage\":\"pl-PL\",\"potentialAction\":[{\"@type\":\"ReadAction\",\"target\":[\"https:\/\/vignette-france.com\/pl\/\"]}]},{\"@type\":\"BreadcrumbList\",\"@id\":\"https:\/\/vignette-france.com\/pl\/#breadcrumb\",\"itemListElement\":[{\"@type\":\"ListItem\",\"position\":1,\"name\":\"Home\",\"item\":\"https:\/\/vignette-france.com\/pl\/\"},{\"@type\":\"ListItem\",\"position\":2,\"name\":\"Home\"}]}]}<\/script>\n<!-- \/ Yoast SEO plugin. -->","yoast_head_json":{"title":"Accueil pol - Vignette Crit&#039;Air","robots":{"index":"index","follow":"follow","max-snippet":"max-snippet:-1","max-image-preview":"max-image-preview:large","max-video-preview":"max-video-preview:-1"},"canonical":"https:\/\/vignette-france.com\/pl\/","og_locale":"pl_PL","og_type":"article","og_title":"Accueil pol - Vignette Crit&#039;Air","og_description":"plakietka ekologiczna Plakietka ekologiczna Crit Air Zamawianie francuskiej naklejki ekologicznej Crit&rsquo;Air. ZAM\u00d3W TERAZ plakietka ekologiczna Zamawianie francuskiej naklejki ekologicznej Crit&rsquo;Air Francusk\u0105 plakietk\u0119 ekologiczn\u0105, kt\u00f3ra umo\u017cliwia bezproblemowy wjazd do centrum Pary\u017ca i innych miast, mo\u017cesz w \u0142atwy spos\u00f3b zam\u00f3wi\u0107 online. Potrzebujesz tylko karty rejestracyjnej swojego pojazdu. Obowi\u0105zuje we wszystkich francuskich strefach ekologicznych \u0141atwe zamawianie (24\/7)\u200b Przesy\u0142ka&hellip; Czytaj dalej Accueil pol","og_url":"https:\/\/vignette-france.com\/pl\/","og_site_name":"Vignette Crit&#039;Air","article_modified_time":"2022-06-21T18:58:57+00:00","og_image":[{"url":"https:\/\/vignette-france.com\/wp-content\/uploads\/2022\/05\/vignette-critair-1.png"}],"twitter_card":"summary_large_image","twitter_misc":{"Szacowany czas czytania":"1 minuta"},"schema":{"@context":"https:\/\/schema.org","@graph":[{"@type":"WebSite","@id":"https:\/\/vignette-france.com\/pl\/#website","url":"https:\/\/vignette-france.com\/pl\/","name":"Vignette Crit&#039;Air","description":"Un site utilisant WordPress","potentialAction":[{"@type":"SearchAction","target":{"@type":"EntryPoint","urlTemplate":"https:\/\/vignette-france.com\/pl\/?s={search_term_string}"},"query-input":"required name=search_term_string"}],"inLanguage":"pl-PL"},{"@type":"ImageObject","inLanguage":"pl-PL","@id":"https:\/\/vignette-france.com\/pl\/#primaryimage","url":"https:\/\/vignette-france.com\/wp-content\/uploads\/2022\/05\/vignette-critair-1.png","contentUrl":"https:\/\/vignette-france.com\/wp-content\/uploads\/2022\/05\/vignette-critair-1.png","width":620,"height":349},{"@type":"WebPage","@id":"https:\/\/vignette-france.com\/pl\/#webpage","url":"https:\/\/vignette-france.com\/pl\/","name":"Accueil pol - Vignette Crit&#039;Air","isPartOf":{"@id":"https:\/\/vignette-france.com\/pl\/#website"},"primaryImageOfPage":{"@id":"https:\/\/vignette-france.com\/pl\/#primaryimage"},"datePublished":"2022-05-09T12:02:15+00:00","dateModified":"2022-06-21T18:58:57+00:00","breadcrumb":{"@id":"https:\/\/vignette-france.com\/pl\/#breadcrumb"},"inLanguage":"pl-PL","potentialAction":[{"@type":"ReadAction","target":["https:\/\/vignette-france.com\/pl\/"]}]},{"@type":"BreadcrumbList","@id":"https:\/\/vignette-france.com\/pl\/#breadcrumb","itemListElement":[{"@type":"ListItem","position":1,"name":"Home","item":"https:\/\/vignette-france.com\/pl\/"},{"@type":"ListItem","position":2,"name":"Home"}]}]}},"lang":"pl","translations":{"pl":4835,"sv":4889,"fi":4867,"da":4826,"ro":4823,"nb":4808,"de":4797,"nl":1819,"en":4788,"fr":4579},"_links":{"self":[{"href":"https:\/\/vignette-france.com\/pl\/wp-json\/wp\/v2\/pages\/4835"}],"collection":[{"href":"https:\/\/vignette-france.com\/pl\/wp-json\/wp\/v2\/pages"}],"about":[{"href":"https:\/\/vignette-france.com\/pl\/wp-json\/wp\/v2\/types\/page"}],"author":[{"embeddable":true,"href":"https:\/\/vignette-france.com\/pl\/wp-json\/wp\/v2\/users\/1"}],"replies":[{"embeddable":true,"href":"https:\/\/vignette-france.com\/pl\/wp-json\/wp\/v2\/comments?post=4835"}],"version-history":[{"count":35,"href":"https:\/\/vignette-france.com\/pl\/wp-json\/wp\/v2\/pages\/4835\/revisions"}],"predecessor-version":[{"id":5598,"href":"https:\/\/vignette-france.com\/pl\/wp-json\/wp\/v2\/pages\/4835\/revisions\/5598"}],"wp:attachment":[{"href":"https:\/\/vignette-france.com\/pl\/wp-json\/wp\/v2\/media?parent=4835"}],"curies":[{"name":"wp","href":"https:\/\/api.w.org\/{rel}","templated":true}]}}